{"id":7493,"date":"2018-01-23T01:42:03","date_gmt":"2018-01-23T01:42:03","guid":{"rendered":"https:\/\/guacaguaca.com\/product\/hass-avocado-1kg\/"},"modified":"2024-01-19T06:56:09","modified_gmt":"2024-01-19T06:56:09","slug":"hass-avocado","status":"publish","type":"product","link":"https:\/\/guacaguaca.com\/en\/producto\/hass-avocado\/","title":{"rendered":"Hass avocado 1Kg"},"content":{"rendered":"<p>This Hass avocado is produced in Valencia (Spain), without waste and with responsible use of water (we apply mulching with rice straw from our region and control humidity with probes to optimize irrigation).<\/p>\n<p>With your purchase you are contributing to reducing emissions (compared to avocados that travel from other latitudes) and to maintaining European agriculture. <\/p>\n<p>This Hass avocado is produced in Valencia (Spain), without waste and with responsible use of water (we apply mulching with rice straw from our region and control humidity with probes to optimize irrigation). With your purchase you are contributing to reducing emissions (compared to avocados that travel from other latitudes) and to maintaining European agriculture.<\/p>\n<p>Cet avocat Hass est produit \u00e0 Valence (Espagne), sans gaspillage et avec une utilisation responsable de l&#8217;eau (nous appliquons un paillage avec de la paille de riz de l&#8217;Albufera et contr\u00f4lons l&#8217;humidit\u00e9 avec des sondes pour optimiser l&#8217;irrigation). Avec votre achat, vous contribuez \u00e0 r\u00e9duire les \u00e9missions (par rapport aux avocats qui voyagent depuis d&#8217;autres latitudes) et au maintien de l&#8217;agriculture europ\u00e9enne.<\/p>\n","protected":false},"excerpt":{"rendered":"<p>Aguacate Hass, producido en Valencia, Espa\u00f1a. Uso sostenible del agua. Reducci\u00f3n de emisiones.<\/p>\n<p>Hass avocado, produced in Valencia, Spain. Sustainable use of water. Reduction of emissions.<\/p>\n<p>Avocat Hass, produit \u00e0 Valence, en Espagne. Utilisation durable de l&#8217;eau. R\u00e9duction des \u00e9missions.<\/p>\n","protected":false},"featured_media":7304,"comment_status":"open","ping_status":"closed","template":"","meta":[],"product_cat":[264],"product_tag":[265,267,266],"class_list":["post-7493","product","type-product","status-publish","has-post-thumbnail","hentry","product_cat-aguacate-hass-en","product_tag-advocado-en","product_tag-aguacate-en","product_tag-avocat-en"],"yoast_head":"<!-- This site is optimized with the Yoast SEO plugin v22.9 - https:\/\/yoast.com\/wordpress\/plugins\/seo\/ -->\n<title>Hass avocado 1Kg - Guaca Guaca<\/title>\n<meta name=\"robots\" content=\"index, follow, max-snippet:-1, max-image-preview:large, max-video-preview:-1\" \/>\n<link rel=\"canonical\" href=\"https:\/\/guacaguaca.com\/en\/producto\/hass-avocado\/\" \/>\n<meta property=\"og:locale\" content=\"en_US\" \/>\n<meta property=\"og:type\" content=\"article\" \/>\n<meta property=\"og:title\" content=\"Hass avocado 1Kg - Guaca Guaca\" \/>\n<meta property=\"og:description\" content=\"Aguacate Hass, producido en Valencia, Espa\u00f1a. Uso sostenible del agua. Reducci\u00f3n de emisiones. Hass avocado, produced in Valencia, Spain. Sustainable use of water. Reduction of emissions. Avocat Hass, produit \u00e0 Valence, en Espagne. Utilisation durable de l&#039;eau. R\u00e9duction des \u00e9missions.\" \/>\n<meta property=\"og:url\" content=\"https:\/\/guacaguaca.com\/en\/producto\/hass-avocado\/\" \/>\n<meta property=\"og:site_name\" content=\"Guaca Guaca\" \/>\n<meta property=\"article:modified_time\" content=\"2024-01-19T06:56:09+00:00\" \/>\n<meta property=\"og:image\" content=\"http:\/\/guacaguaca.com\/wp-content\/uploads\/2018\/01\/Aguacate.png\" \/>\n\t<meta property=\"og:image:width\" content=\"600\" \/>\n\t<meta property=\"og:image:height\" content=\"756\" \/>\n\t<meta property=\"og:image:type\" content=\"image\/png\" \/>\n<meta name=\"twitter:card\" content=\"summary_large_image\" \/>\n<meta name=\"twitter:label1\" content=\"Est. reading time\" \/>\n\t<meta name=\"twitter:data1\" content=\"1 minute\" \/>\n<script type=\"application\/ld+json\" class=\"yoast-schema-graph\">{\"@context\":\"https:\/\/schema.org\",\"@graph\":[{\"@type\":\"WebPage\",\"@id\":\"https:\/\/guacaguaca.com\/en\/producto\/hass-avocado\/\",\"url\":\"https:\/\/guacaguaca.com\/en\/producto\/hass-avocado\/\",\"name\":\"Hass avocado 1Kg - Guaca Guaca\",\"isPartOf\":{\"@id\":\"https:\/\/guacaguaca.com\/#website\"},\"primaryImageOfPage\":{\"@id\":\"https:\/\/guacaguaca.com\/en\/producto\/hass-avocado\/#primaryimage\"},\"image\":{\"@id\":\"https:\/\/guacaguaca.com\/en\/producto\/hass-avocado\/#primaryimage\"},\"thumbnailUrl\":\"https:\/\/guacaguaca.com\/wp-content\/uploads\/2018\/01\/Aguacate.png\",\"datePublished\":\"2018-01-23T01:42:03+00:00\",\"dateModified\":\"2024-01-19T06:56:09+00:00\",\"breadcrumb\":{\"@id\":\"https:\/\/guacaguaca.com\/en\/producto\/hass-avocado\/#breadcrumb\"},\"inLanguage\":\"en-US\",\"potentialAction\":[{\"@type\":\"ReadAction\",\"target\":[\"https:\/\/guacaguaca.com\/en\/producto\/hass-avocado\/\"]}]},{\"@type\":\"ImageObject\",\"inLanguage\":\"en-US\",\"@id\":\"https:\/\/guacaguaca.com\/en\/producto\/hass-avocado\/#primaryimage\",\"url\":\"https:\/\/guacaguaca.com\/wp-content\/uploads\/2018\/01\/Aguacate.png\",\"contentUrl\":\"https:\/\/guacaguaca.com\/wp-content\/uploads\/2018\/01\/Aguacate.png\",\"width\":600,\"height\":756},{\"@type\":\"BreadcrumbList\",\"@id\":\"https:\/\/guacaguaca.com\/en\/producto\/hass-avocado\/#breadcrumb\",\"itemListElement\":[{\"@type\":\"ListItem\",\"position\":1,\"name\":\"Portada\",\"item\":\"https:\/\/guacaguaca.com\/en\/home\/\"},{\"@type\":\"ListItem\",\"position\":2,\"name\":\"Shop\",\"item\":\"https:\/\/guacaguaca.com\/en\/shop-2\/\"},{\"@type\":\"ListItem\",\"position\":3,\"name\":\"Hass avocado 1Kg\"}]},{\"@type\":\"WebSite\",\"@id\":\"https:\/\/guacaguaca.com\/#website\",\"url\":\"https:\/\/guacaguaca.com\/\",\"name\":\"Guaca Guaca\",\"description\":\"Productores y distribuidores de aguacates sostenibles para tu negocio\",\"publisher\":{\"@id\":\"https:\/\/guacaguaca.com\/#organization\"},\"potentialAction\":[{\"@type\":\"SearchAction\",\"target\":{\"@type\":\"EntryPoint\",\"urlTemplate\":\"https:\/\/guacaguaca.com\/?s={search_term_string}\"},\"query-input\":\"required name=search_term_string\"}],\"inLanguage\":\"en-US\"},{\"@type\":\"Organization\",\"@id\":\"https:\/\/guacaguaca.com\/#organization\",\"name\":\"Guaca Guaca\",\"url\":\"https:\/\/guacaguaca.com\/\",\"logo\":{\"@type\":\"ImageObject\",\"inLanguage\":\"en-US\",\"@id\":\"https:\/\/guacaguaca.com\/#\/schema\/logo\/image\/\",\"url\":\"https:\/\/guacaguaca.com\/wp-content\/uploads\/2023\/05\/logo-180px.png\",\"contentUrl\":\"https:\/\/guacaguaca.com\/wp-content\/uploads\/2023\/05\/logo-180px.png\",\"width\":180,\"height\":52,\"caption\":\"Guaca Guaca\"},\"image\":{\"@id\":\"https:\/\/guacaguaca.com\/#\/schema\/logo\/image\/\"},\"sameAs\":[\"https:\/\/www.instagram.com\/guacaguaca.es\/\"]}]}<\/script>\n<!-- \/ Yoast SEO plugin. -->","yoast_head_json":{"title":"Hass avocado 1Kg - Guaca Guaca","robots":{"index":"index","follow":"follow","max-snippet":"max-snippet:-1","max-image-preview":"max-image-preview:large","max-video-preview":"max-video-preview:-1"},"canonical":"https:\/\/guacaguaca.com\/en\/producto\/hass-avocado\/","og_locale":"en_US","og_type":"article","og_title":"Hass avocado 1Kg - Guaca Guaca","og_description":"Aguacate Hass, producido en Valencia, Espa\u00f1a. Uso sostenible del agua. Reducci\u00f3n de emisiones. Hass avocado, produced in Valencia, Spain. Sustainable use of water. Reduction of emissions. Avocat Hass, produit \u00e0 Valence, en Espagne. Utilisation durable de l'eau. R\u00e9duction des \u00e9missions.","og_url":"https:\/\/guacaguaca.com\/en\/producto\/hass-avocado\/","og_site_name":"Guaca Guaca","article_modified_time":"2024-01-19T06:56:09+00:00","og_image":[{"width":600,"height":756,"url":"http:\/\/guacaguaca.com\/wp-content\/uploads\/2018\/01\/Aguacate.png","type":"image\/png"}],"twitter_card":"summary_large_image","twitter_misc":{"Est. reading time":"1 minute"},"schema":{"@context":"https:\/\/schema.org","@graph":[{"@type":"WebPage","@id":"https:\/\/guacaguaca.com\/en\/producto\/hass-avocado\/","url":"https:\/\/guacaguaca.com\/en\/producto\/hass-avocado\/","name":"Hass avocado 1Kg - Guaca Guaca","isPartOf":{"@id":"https:\/\/guacaguaca.com\/#website"},"primaryImageOfPage":{"@id":"https:\/\/guacaguaca.com\/en\/producto\/hass-avocado\/#primaryimage"},"image":{"@id":"https:\/\/guacaguaca.com\/en\/producto\/hass-avocado\/#primaryimage"},"thumbnailUrl":"https:\/\/guacaguaca.com\/wp-content\/uploads\/2018\/01\/Aguacate.png","datePublished":"2018-01-23T01:42:03+00:00","dateModified":"2024-01-19T06:56:09+00:00","breadcrumb":{"@id":"https:\/\/guacaguaca.com\/en\/producto\/hass-avocado\/#breadcrumb"},"inLanguage":"en-US","potentialAction":[{"@type":"ReadAction","target":["https:\/\/guacaguaca.com\/en\/producto\/hass-avocado\/"]}]},{"@type":"ImageObject","inLanguage":"en-US","@id":"https:\/\/guacaguaca.com\/en\/producto\/hass-avocado\/#primaryimage","url":"https:\/\/guacaguaca.com\/wp-content\/uploads\/2018\/01\/Aguacate.png","contentUrl":"https:\/\/guacaguaca.com\/wp-content\/uploads\/2018\/01\/Aguacate.png","width":600,"height":756},{"@type":"BreadcrumbList","@id":"https:\/\/guacaguaca.com\/en\/producto\/hass-avocado\/#breadcrumb","itemListElement":[{"@type":"ListItem","position":1,"name":"Portada","item":"https:\/\/guacaguaca.com\/en\/home\/"},{"@type":"ListItem","position":2,"name":"Shop","item":"https:\/\/guacaguaca.com\/en\/shop-2\/"},{"@type":"ListItem","position":3,"name":"Hass avocado 1Kg"}]},{"@type":"WebSite","@id":"https:\/\/guacaguaca.com\/#website","url":"https:\/\/guacaguaca.com\/","name":"Guaca Guaca","description":"Productores y distribuidores de aguacates sostenibles para tu negocio","publisher":{"@id":"https:\/\/guacaguaca.com\/#organization"},"potentialAction":[{"@type":"SearchAction","target":{"@type":"EntryPoint","urlTemplate":"https:\/\/guacaguaca.com\/?s={search_term_string}"},"query-input":"required name=search_term_string"}],"inLanguage":"en-US"},{"@type":"Organization","@id":"https:\/\/guacaguaca.com\/#organization","name":"Guaca Guaca","url":"https:\/\/guacaguaca.com\/","logo":{"@type":"ImageObject","inLanguage":"en-US","@id":"https:\/\/guacaguaca.com\/#\/schema\/logo\/image\/","url":"https:\/\/guacaguaca.com\/wp-content\/uploads\/2023\/05\/logo-180px.png","contentUrl":"https:\/\/guacaguaca.com\/wp-content\/uploads\/2023\/05\/logo-180px.png","width":180,"height":52,"caption":"Guaca Guaca"},"image":{"@id":"https:\/\/guacaguaca.com\/#\/schema\/logo\/image\/"},"sameAs":["https:\/\/www.instagram.com\/guacaguaca.es\/"]}]}},"_links":{"self":[{"href":"https:\/\/guacaguaca.com\/en\/wp-json\/wp\/v2\/product\/7493","targetHints":{"allow":["GET"]}}],"collection":[{"href":"https:\/\/guacaguaca.com\/en\/wp-json\/wp\/v2\/product"}],"about":[{"href":"https:\/\/guacaguaca.com\/en\/wp-json\/wp\/v2\/types\/product"}],"replies":[{"embeddable":true,"href":"https:\/\/guacaguaca.com\/en\/wp-json\/wp\/v2\/comments?post=7493"}],"wp:featuredmedia":[{"embeddable":true,"href":"https:\/\/guacaguaca.com\/en\/wp-json\/wp\/v2\/media\/7304"}],"wp:attachment":[{"href":"https:\/\/guacaguaca.com\/en\/wp-json\/wp\/v2\/media?parent=7493"}],"wp:term":[{"taxonomy":"product_cat","embeddable":true,"href":"https:\/\/guacaguaca.com\/en\/wp-json\/wp\/v2\/product_cat?post=7493"},{"taxonomy":"product_tag","embeddable":true,"href":"https:\/\/guacaguaca.com\/en\/wp-json\/wp\/v2\/product_tag?post=7493"}],"curies":[{"name":"wp","href":"https:\/\/api.w.org\/{rel}","templated":true}]}}